{"id":2,"date":"2025-05-01T01:44:20","date_gmt":"2025-05-01T01:44:20","guid":{"rendered":"https:\/\/asphalte.block100studio.com\/?page_id=2"},"modified":"2025-05-07T20:02:21","modified_gmt":"2025-05-07T20:02:21","slug":"accueil","status":"publish","type":"page","link":"https:\/\/asphalte.block100studio.com\/","title":{"rendered":"Accueil"},"content":{"rendered":"\t\t<div data-elementor-type=\"wp-page\" data-elementor-id=\"2\" class=\"elementor elementor-2\">\n\t\t\t\t<div class=\"elementor-element elementor-element-63f0fc4 e-flex e-con-boxed e-con e-parent\" data-id=\"63f0fc4\" data-element_type=\"container\">\n\t\t\t\t\t<div class=\"e-con-inner\">\n\t\t\t\t<div class=\"elementor-element elementor-element-6e630b1 elementor-widget elementor-widget-image\" data-id=\"6e630b1\" data-element_type=\"widget\" data-widget_type=\"image.default\">\n\t\t\t\t<div class=\"elementor-widget-container\">\n\t\t\t\t\t\t\t\t\t\t\t\t\t\t\t<img fetchpriority=\"high\" decoding=\"async\" width=\"1024\" height=\"1024\" src=\"https:\/\/asphalte.block100studio.com\/wp-content\/uploads\/2025\/05\/Logo-Pirates-de-Lasphalte.png\" class=\"attachment-large size-large wp-image-42\" alt=\"\" srcset=\"https:\/\/asphalte.block100studio.com\/wp-content\/uploads\/2025\/05\/Logo-Pirates-de-Lasphalte.png 1024w, https:\/\/asphalte.block100studio.com\/wp-content\/uploads\/2025\/05\/Logo-Pirates-de-Lasphalte-300x300.png 300w, https:\/\/asphalte.block100studio.com\/wp-content\/uploads\/2025\/05\/Logo-Pirates-de-Lasphalte-150x150.png 150w, https:\/\/asphalte.block100studio.com\/wp-content\/uploads\/2025\/05\/Logo-Pirates-de-Lasphalte-768x768.png 768w\" sizes=\"(max-width: 1024px) 100vw, 1024px\" \/>\t\t\t\t\t\t\t\t\t\t\t\t\t\t\t<\/div>\n\t\t\t\t<\/div>\n\t\t\t\t\t<\/div>\n\t\t\t\t<\/div>\n\t\t<div class=\"elementor-element elementor-element-0baecb9 e-flex e-con-boxed e-con e-parent\" data-id=\"0baecb9\" data-element_type=\"container\" data-settings=\"{&quot;background_background&quot;:&quot;classic&quot;}\">\n\t\t\t\t\t<div class=\"e-con-inner\">\n\t\t\t\t<div class=\"elementor-element elementor-element-cf2b6de elementor-widget elementor-widget-heading\" data-id=\"cf2b6de\" data-element_type=\"widget\" data-widget_type=\"heading.default\">\n\t\t\t\t<div class=\"elementor-widget-container\">\n\t\t\t\t\t<h2 class=\"elementor-heading-title elementor-size-default\">\u00ab Ma\u00eetres de la route depuis 2004 \u00bb<\/h2>\t\t\t\t<\/div>\n\t\t\t\t<\/div>\n\t\t\t\t<div class=\"elementor-element elementor-element-a58c0e1 elementor-widget elementor-widget-text-editor\" data-id=\"a58c0e1\" data-element_type=\"widget\" data-widget_type=\"text-editor.default\">\n\t\t\t\t<div class=\"elementor-widget-container\">\n\t\t\t\t\t\t\t\t\t<p>Bas\u00e9s \u00e0 Montr\u00e9al, nous sommes sp\u00e9cialis\u00e9s dans le recapage, la r\u00e9paration et l\u2019application de scellant protecteur pour asphalte. Depuis 2004, notre \u00e9quipe de professionnels s\u2019engage \u00e0 offrir un service fiable, durable et adapt\u00e9 aux besoins des particuliers comme des entreprises. Redonnez vie \u00e0 vos surfaces avec les Pirates de l\u2019Asphalte \u2013 l\u00e0 o\u00f9 l\u2019exp\u00e9rience rencontre la solidit\u00e9.<\/p>\t\t\t\t\t\t\t\t<\/div>\n\t\t\t\t<\/div>\n\t\t\t\t\t<\/div>\n\t\t\t\t<\/div>\n\t\t<div class=\"elementor-element elementor-element-71b97a4 e-flex e-con-boxed e-con e-parent\" data-id=\"71b97a4\" data-element_type=\"container\">\n\t\t\t\t\t<div class=\"e-con-inner\">\n\t\t<div class=\"elementor-element elementor-element-65b3690 e-con-full e-flex e-con e-child\" data-id=\"65b3690\" data-element_type=\"container\">\n\t\t\t\t<div class=\"elementor-element elementor-element-3fd5967 elementor-widget elementor-widget-image\" data-id=\"3fd5967\" data-element_type=\"widget\" data-widget_type=\"image.default\">\n\t\t\t\t<div class=\"elementor-widget-container\">\n\t\t\t\t\t\t\t\t\t\t\t\t\t\t\t<img decoding=\"async\" src=\"https:\/\/www.richfieldblacktop.com\/wp-content\/uploads\/2022\/09\/tips-for-caring-for-a-new-asphalt-driveway.jpg\" title=\"\" alt=\"\" loading=\"lazy\" \/>\t\t\t\t\t\t\t\t\t\t\t\t\t\t\t<\/div>\n\t\t\t\t<\/div>\n\t\t\t\t<\/div>\n\t\t<div class=\"elementor-element elementor-element-a7768d6 e-con-full e-flex e-con e-child\" data-id=\"a7768d6\" data-element_type=\"container\">\n\t\t<div class=\"elementor-element elementor-element-71d6196 e-con-full e-flex e-con e-child\" data-id=\"71d6196\" data-element_type=\"container\">\n\t\t\t\t<div class=\"elementor-element elementor-element-6f6c0b1 elementor-widget elementor-widget-heading\" data-id=\"6f6c0b1\" data-element_type=\"widget\" data-widget_type=\"heading.default\">\n\t\t\t\t<div class=\"elementor-widget-container\">\n\t\t\t\t\t<h2 class=\"elementor-heading-title elementor-size-default\">R\u00e9capage d'asphalte<\/h2>\t\t\t\t<\/div>\n\t\t\t\t<\/div>\n\t\t\t\t<\/div>\n\t\t<div class=\"elementor-element elementor-element-475fa72 e-con-full e-flex e-con e-child\" data-id=\"475fa72\" data-element_type=\"container\">\n\t\t\t\t<div class=\"elementor-element elementor-element-9102732 elementor-widget elementor-widget-text-editor\" data-id=\"9102732\" data-element_type=\"widget\" data-widget_type=\"text-editor.default\">\n\t\t\t\t<div class=\"elementor-widget-container\">\n\t\t\t\t\t\t\t\t\t<p>Redonnez une nouvelle vie \u00e0 votre asphalte sans tout refaire.<\/p>\t\t\t\t\t\t\t\t<\/div>\n\t\t\t\t<\/div>\n\t\t\t\t<\/div>\n\t\t\t\t<\/div>\n\t\t\t\t\t<\/div>\n\t\t\t\t<\/div>\n\t\t<div class=\"elementor-element elementor-element-2cfdd3b e-flex e-con-boxed e-con e-parent\" data-id=\"2cfdd3b\" data-element_type=\"container\">\n\t\t\t\t\t<div class=\"e-con-inner\">\n\t\t<div class=\"elementor-element elementor-element-48737a1 e-con-full e-flex e-con e-child\" data-id=\"48737a1\" data-element_type=\"container\">\n\t\t\t\t<div class=\"elementor-element elementor-element-d616399 elementor-widget elementor-widget-image\" data-id=\"d616399\" data-element_type=\"widget\" data-widget_type=\"image.default\">\n\t\t\t\t<div class=\"elementor-widget-container\">\n\t\t\t\t\t\t\t\t\t\t\t\t\t\t\t<img decoding=\"async\" src=\"https:\/\/encrypted-tbn0.gstatic.com\/images?q=tbn:ANd9GcTHj3yH7_5XzY_dYkW7Tq6Kl9A2ZR1WxQUjVQ&#038;s\" title=\"\" alt=\"\" loading=\"lazy\" \/>\t\t\t\t\t\t\t\t\t\t\t\t\t\t\t<\/div>\n\t\t\t\t<\/div>\n\t\t\t\t<\/div>\n\t\t<div class=\"elementor-element elementor-element-4a15dc3 e-con-full e-flex e-con e-child\" data-id=\"4a15dc3\" data-element_type=\"container\">\n\t\t<div class=\"elementor-element elementor-element-9284298 e-con-full e-flex e-con e-child\" data-id=\"9284298\" data-element_type=\"container\">\n\t\t\t\t<div class=\"elementor-element elementor-element-1cb0c8b elementor-widget elementor-widget-heading\" data-id=\"1cb0c8b\" data-element_type=\"widget\" data-widget_type=\"heading.default\">\n\t\t\t\t<div class=\"elementor-widget-container\">\n\t\t\t\t\t<h2 class=\"elementor-heading-title elementor-size-default\">R\u00e9parations\n<\/h2>\t\t\t\t<\/div>\n\t\t\t\t<\/div>\n\t\t\t\t<div class=\"elementor-element elementor-element-5980883 elementor-widget elementor-widget-text-editor\" data-id=\"5980883\" data-element_type=\"widget\" data-widget_type=\"text-editor.default\">\n\t\t\t\t<div class=\"elementor-widget-container\">\n\t\t\t\t\t\t\t\t\t<p>Fissures, nids-de-poule, affaissements \u2013 on r\u00e9pare vite et bien.<\/p>\t\t\t\t\t\t\t\t<\/div>\n\t\t\t\t<\/div>\n\t\t\t\t<\/div>\n\t\t\t\t<\/div>\n\t\t\t\t\t<\/div>\n\t\t\t\t<\/div>\n\t\t<div class=\"elementor-element elementor-element-511bf50 e-flex e-con-boxed e-con e-parent\" data-id=\"511bf50\" data-element_type=\"container\">\n\t\t\t\t\t<div class=\"e-con-inner\">\n\t\t<div class=\"elementor-element elementor-element-57a1c3e e-con-full e-flex e-con e-child\" data-id=\"57a1c3e\" data-element_type=\"container\">\n\t\t\t\t<div class=\"elementor-element elementor-element-3b93727 elementor-widget elementor-widget-image\" data-id=\"3b93727\" data-element_type=\"widget\" data-widget_type=\"image.default\">\n\t\t\t\t<div class=\"elementor-widget-container\">\n\t\t\t\t\t\t\t\t\t\t\t\t\t\t\t<img decoding=\"async\" src=\"https:\/\/encrypted-tbn0.gstatic.com\/images?q=tbn:ANd9GcTVQCIXWNvdfI_Qj2dWFltlC1lkGZlkprdwhQ&#038;s\" title=\"\" alt=\"\" loading=\"lazy\" \/>\t\t\t\t\t\t\t\t\t\t\t\t\t\t\t<\/div>\n\t\t\t\t<\/div>\n\t\t\t\t<\/div>\n\t\t<div class=\"elementor-element elementor-element-45f77c5 e-con-full e-flex e-con e-child\" data-id=\"45f77c5\" data-element_type=\"container\">\n\t\t<div class=\"elementor-element elementor-element-6befa02 e-con-full e-flex e-con e-child\" data-id=\"6befa02\" data-element_type=\"container\">\n\t\t\t\t<div class=\"elementor-element elementor-element-211f0e1 elementor-widget elementor-widget-heading\" data-id=\"211f0e1\" data-element_type=\"widget\" data-widget_type=\"heading.default\">\n\t\t\t\t<div class=\"elementor-widget-container\">\n\t\t\t\t\t<h2 class=\"elementor-heading-title elementor-size-default\">Scellant protecteur\n<\/h2>\t\t\t\t<\/div>\n\t\t\t\t<\/div>\n\t\t\t\t<\/div>\n\t\t<div class=\"elementor-element elementor-element-82172f9 e-con-full e-flex e-con e-child\" data-id=\"82172f9\" data-element_type=\"container\">\n\t\t\t\t<div class=\"elementor-element elementor-element-f265fea elementor-widget elementor-widget-text-editor\" data-id=\"f265fea\" data-element_type=\"widget\" data-widget_type=\"text-editor.default\">\n\t\t\t\t<div class=\"elementor-widget-container\">\n\t\t\t\t\t\t\t\t\t<p class=\"\" data-start=\"243\" data-end=\"340\">Prolongez la dur\u00e9e de vie de votre pavage avec un traitement pr\u00e9ventif.<\/p>\t\t\t\t\t\t\t\t<\/div>\n\t\t\t\t<\/div>\n\t\t\t\t<\/div>\n\t\t\t\t<\/div>\n\t\t\t\t\t<\/div>\n\t\t\t\t<\/div>\n\t\t<div class=\"elementor-element elementor-element-140c171 e-flex e-con-boxed e-con e-parent\" data-id=\"140c171\" data-element_type=\"container\" data-settings=\"{&quot;background_background&quot;:&quot;classic&quot;}\">\n\t\t\t\t\t<div class=\"e-con-inner\">\n\t\t\t\t<div class=\"elementor-element elementor-element-26df79f elementor-widget elementor-widget-heading\" data-id=\"26df79f\" data-element_type=\"widget\" data-widget_type=\"heading.default\">\n\t\t\t\t<div class=\"elementor-widget-container\">\n\t\t\t\t\t<h2 class=\"elementor-heading-title elementor-size-default\">Obtenez une soumission gratuite!<\/h2>\t\t\t\t<\/div>\n\t\t\t\t<\/div>\n\t\t\t\t<div class=\"elementor-element elementor-element-cfdc87b elementor-widget elementor-widget-text-editor\" data-id=\"cfdc87b\" data-element_type=\"widget\" data-widget_type=\"text-editor.default\">\n\t\t\t\t<div class=\"elementor-widget-container\">\n\t\t\t\t\t\t\t\t\t<p>Francois &#8211; (514) 889-5171<\/p>\t\t\t\t\t\t\t\t<\/div>\n\t\t\t\t<\/div>\n\t\t\t\t\t<\/div>\n\t\t\t\t<\/div>\n\t\t\t\t<\/div>\n\t\t","protected":false},"excerpt":{"rendered":"<p>\u00ab Ma\u00eetres de la route depuis 2004 \u00bb Bas\u00e9s \u00e0 Montr\u00e9al, nous sommes sp\u00e9cialis\u00e9s dans le recapage, la r\u00e9paration et l\u2019application de scellant protecteur pour asphalte. Depuis 2004, notre \u00e9quipe de professionnels s\u2019engage \u00e0 offrir un service fiable, durable et adapt\u00e9 aux besoins des particuliers comme des entreprises. Redonnez vie \u00e0 vos surfaces avec les [&hellip;]<\/p>\n","protected":false},"author":1,"featured_media":0,"parent":0,"menu_order":0,"comment_status":"closed","ping_status":"closed","template":"","meta":{"footnotes":""},"class_list":["post-2","page","type-page","status-publish","hentry"],"yoast_head":"<!-- This site is optimized with the Yoast SEO plugin v25.0 - https:\/\/yoast.com\/wordpress\/plugins\/seo\/ -->\n<title>Accueil - Pirates de l\u2019Asphalte<\/title>\n<meta name=\"robots\" content=\"index, follow, max-snippet:-1, max-image-preview:large, max-video-preview:-1\" \/>\n<link rel=\"canonical\" href=\"https:\/\/asphalte.block100studio.com\/\" \/>\n<meta property=\"og:locale\" content=\"en_US\" \/>\n<meta property=\"og:type\" content=\"article\" \/>\n<meta property=\"og:title\" content=\"Accueil - Pirates de l\u2019Asphalte\" \/>\n<meta property=\"og:description\" content=\"\u00ab Ma\u00eetres de la route depuis 2004 \u00bb Bas\u00e9s \u00e0 Montr\u00e9al, nous sommes sp\u00e9cialis\u00e9s dans le recapage, la r\u00e9paration et l\u2019application de scellant protecteur pour asphalte. Depuis 2004, notre \u00e9quipe de professionnels s\u2019engage \u00e0 offrir un service fiable, durable et adapt\u00e9 aux besoins des particuliers comme des entreprises. Redonnez vie \u00e0 vos surfaces avec les [&hellip;]\" \/>\n<meta property=\"og:url\" content=\"https:\/\/asphalte.block100studio.com\/\" \/>\n<meta property=\"og:site_name\" content=\"Pirates de l\u2019Asphalte\" \/>\n<meta property=\"article:modified_time\" content=\"2025-05-07T20:02:21+00:00\" \/>\n<meta property=\"og:image\" content=\"https:\/\/asphalte.block100studio.com\/wp-content\/uploads\/2025\/05\/Logo-Pirates-de-Lasphalte.png\" \/>\n\t<meta property=\"og:image:width\" content=\"1024\" \/>\n\t<meta property=\"og:image:height\" content=\"1024\" \/>\n\t<meta property=\"og:image:type\" content=\"image\/png\" \/>\n<meta name=\"twitter:card\" content=\"summary_large_image\" \/>\n<meta name=\"twitter:label1\" content=\"Est. reading time\" \/>\n\t<meta name=\"twitter:data1\" content=\"2 minutes\" \/>\n<script type=\"application\/ld+json\" class=\"yoast-schema-graph\">{\"@context\":\"https:\/\/schema.org\",\"@graph\":[{\"@type\":\"WebPage\",\"@id\":\"https:\/\/asphalte.block100studio.com\/\",\"url\":\"https:\/\/asphalte.block100studio.com\/\",\"name\":\"Accueil - Pirates de l\u2019Asphalte\",\"isPartOf\":{\"@id\":\"https:\/\/asphalte.block100studio.com\/#website\"},\"primaryImageOfPage\":{\"@id\":\"https:\/\/asphalte.block100studio.com\/#primaryimage\"},\"image\":{\"@id\":\"https:\/\/asphalte.block100studio.com\/#primaryimage\"},\"thumbnailUrl\":\"https:\/\/asphalte.block100studio.com\/wp-content\/uploads\/2025\/05\/Logo-Pirates-de-Lasphalte.png\",\"datePublished\":\"2025-05-01T01:44:20+00:00\",\"dateModified\":\"2025-05-07T20:02:21+00:00\",\"breadcrumb\":{\"@id\":\"https:\/\/asphalte.block100studio.com\/#breadcrumb\"},\"inLanguage\":\"en-US\",\"potentialAction\":[{\"@type\":\"ReadAction\",\"target\":[\"https:\/\/asphalte.block100studio.com\/\"]}]},{\"@type\":\"ImageObject\",\"inLanguage\":\"en-US\",\"@id\":\"https:\/\/asphalte.block100studio.com\/#primaryimage\",\"url\":\"https:\/\/asphalte.block100studio.com\/wp-content\/uploads\/2025\/05\/Logo-Pirates-de-Lasphalte.png\",\"contentUrl\":\"https:\/\/asphalte.block100studio.com\/wp-content\/uploads\/2025\/05\/Logo-Pirates-de-Lasphalte.png\",\"width\":1024,\"height\":1024},{\"@type\":\"BreadcrumbList\",\"@id\":\"https:\/\/asphalte.block100studio.com\/#breadcrumb\",\"itemListElement\":[{\"@type\":\"ListItem\",\"position\":1,\"name\":\"Home\",\"item\":\"https:\/\/asphalte.block100studio.com\/\"},{\"@type\":\"ListItem\",\"position\":2,\"name\":\"Accueil\"}]},{\"@type\":\"WebSite\",\"@id\":\"https:\/\/asphalte.block100studio.com\/#website\",\"url\":\"https:\/\/asphalte.block100studio.com\/\",\"name\":\"Pirates de l\u2019Asphalte\",\"description\":\"Ma\u00eetres de la route depuis 2004\",\"potentialAction\":[{\"@type\":\"SearchAction\",\"target\":{\"@type\":\"EntryPoint\",\"urlTemplate\":\"https:\/\/asphalte.block100studio.com\/?s={search_term_string}\"},\"query-input\":{\"@type\":\"PropertyValueSpecification\",\"valueRequired\":true,\"valueName\":\"search_term_string\"}}],\"inLanguage\":\"en-US\"}]}<\/script>\n<!-- \/ Yoast SEO plugin. -->","yoast_head_json":{"title":"Accueil - Pirates de l\u2019Asphalte","robots":{"index":"index","follow":"follow","max-snippet":"max-snippet:-1","max-image-preview":"max-image-preview:large","max-video-preview":"max-video-preview:-1"},"canonical":"https:\/\/asphalte.block100studio.com\/","og_locale":"en_US","og_type":"article","og_title":"Accueil - Pirates de l\u2019Asphalte","og_description":"\u00ab Ma\u00eetres de la route depuis 2004 \u00bb Bas\u00e9s \u00e0 Montr\u00e9al, nous sommes sp\u00e9cialis\u00e9s dans le recapage, la r\u00e9paration et l\u2019application de scellant protecteur pour asphalte. Depuis 2004, notre \u00e9quipe de professionnels s\u2019engage \u00e0 offrir un service fiable, durable et adapt\u00e9 aux besoins des particuliers comme des entreprises. Redonnez vie \u00e0 vos surfaces avec les [&hellip;]","og_url":"https:\/\/asphalte.block100studio.com\/","og_site_name":"Pirates de l\u2019Asphalte","article_modified_time":"2025-05-07T20:02:21+00:00","og_image":[{"width":1024,"height":1024,"url":"https:\/\/asphalte.block100studio.com\/wp-content\/uploads\/2025\/05\/Logo-Pirates-de-Lasphalte.png","type":"image\/png"}],"twitter_card":"summary_large_image","twitter_misc":{"Est. reading time":"2 minutes"},"schema":{"@context":"https:\/\/schema.org","@graph":[{"@type":"WebPage","@id":"https:\/\/asphalte.block100studio.com\/","url":"https:\/\/asphalte.block100studio.com\/","name":"Accueil - Pirates de l\u2019Asphalte","isPartOf":{"@id":"https:\/\/asphalte.block100studio.com\/#website"},"primaryImageOfPage":{"@id":"https:\/\/asphalte.block100studio.com\/#primaryimage"},"image":{"@id":"https:\/\/asphalte.block100studio.com\/#primaryimage"},"thumbnailUrl":"https:\/\/asphalte.block100studio.com\/wp-content\/uploads\/2025\/05\/Logo-Pirates-de-Lasphalte.png","datePublished":"2025-05-01T01:44:20+00:00","dateModified":"2025-05-07T20:02:21+00:00","breadcrumb":{"@id":"https:\/\/asphalte.block100studio.com\/#breadcrumb"},"inLanguage":"en-US","potentialAction":[{"@type":"ReadAction","target":["https:\/\/asphalte.block100studio.com\/"]}]},{"@type":"ImageObject","inLanguage":"en-US","@id":"https:\/\/asphalte.block100studio.com\/#primaryimage","url":"https:\/\/asphalte.block100studio.com\/wp-content\/uploads\/2025\/05\/Logo-Pirates-de-Lasphalte.png","contentUrl":"https:\/\/asphalte.block100studio.com\/wp-content\/uploads\/2025\/05\/Logo-Pirates-de-Lasphalte.png","width":1024,"height":1024},{"@type":"BreadcrumbList","@id":"https:\/\/asphalte.block100studio.com\/#breadcrumb","itemListElement":[{"@type":"ListItem","position":1,"name":"Home","item":"https:\/\/asphalte.block100studio.com\/"},{"@type":"ListItem","position":2,"name":"Accueil"}]},{"@type":"WebSite","@id":"https:\/\/asphalte.block100studio.com\/#website","url":"https:\/\/asphalte.block100studio.com\/","name":"Pirates de l\u2019Asphalte","description":"Ma\u00eetres de la route depuis 2004","potentialAction":[{"@type":"SearchAction","target":{"@type":"EntryPoint","urlTemplate":"https:\/\/asphalte.block100studio.com\/?s={search_term_string}"},"query-input":{"@type":"PropertyValueSpecification","valueRequired":true,"valueName":"search_term_string"}}],"inLanguage":"en-US"}]}},"_links":{"self":[{"href":"https:\/\/asphalte.block100studio.com\/index.php\/wp-json\/wp\/v2\/pages\/2","targetHints":{"allow":["GET"]}}],"collection":[{"href":"https:\/\/asphalte.block100studio.com\/index.php\/wp-json\/wp\/v2\/pages"}],"about":[{"href":"https:\/\/asphalte.block100studio.com\/index.php\/wp-json\/wp\/v2\/types\/page"}],"author":[{"embeddable":true,"href":"https:\/\/asphalte.block100studio.com\/index.php\/wp-json\/wp\/v2\/users\/1"}],"replies":[{"embeddable":true,"href":"https:\/\/asphalte.block100studio.com\/index.php\/wp-json\/wp\/v2\/comments?post=2"}],"version-history":[{"count":21,"href":"https:\/\/asphalte.block100studio.com\/index.php\/wp-json\/wp\/v2\/pages\/2\/revisions"}],"predecessor-version":[{"id":48,"href":"https:\/\/asphalte.block100studio.com\/index.php\/wp-json\/wp\/v2\/pages\/2\/revisions\/48"}],"wp:attachment":[{"href":"https:\/\/asphalte.block100studio.com\/index.php\/wp-json\/wp\/v2\/media?parent=2"}],"curies":[{"name":"wp","href":"https:\/\/api.w.org\/{rel}","templated":true}]}}