{"id":40,"date":"2025-05-07T19:52:12","date_gmt":"2025-05-07T19:52:12","guid":{"rendered":"https:\/\/asphalte.block100studio.com\/?page_id=40"},"modified":"2025-05-07T20:01:04","modified_gmt":"2025-05-07T20:01:04","slug":"services","status":"publish","type":"page","link":"https:\/\/asphalte.block100studio.com\/index.php\/services\/","title":{"rendered":"Nos Services"},"content":{"rendered":"\t\t<div data-elementor-type=\"wp-page\" data-elementor-id=\"40\" class=\"elementor elementor-40\">\n\t\t\t\t<div class=\"elementor-element elementor-element-e7a4e0f e-flex e-con-boxed e-con e-parent\" data-id=\"e7a4e0f\" data-element_type=\"container\">\n\t\t\t\t\t<div class=\"e-con-inner\">\n\t\t<div class=\"elementor-element elementor-element-231345c e-con-full e-flex e-con e-child\" data-id=\"231345c\" data-element_type=\"container\">\n\t\t\t\t<div class=\"elementor-element elementor-element-0d94fd2 elementor-widget elementor-widget-image\" data-id=\"0d94fd2\" data-element_type=\"widget\" data-widget_type=\"image.default\">\n\t\t\t\t<div class=\"elementor-widget-container\">\n\t\t\t\t\t\t\t\t\t\t\t\t\t\t\t<img fetchpriority=\"high\" decoding=\"async\" width=\"1024\" height=\"1024\" src=\"https:\/\/asphalte.block100studio.com\/wp-content\/uploads\/2025\/05\/Logo-Pirates-de-Lasphalte.png\" class=\"attachment-large size-large wp-image-42\" alt=\"\" srcset=\"https:\/\/asphalte.block100studio.com\/wp-content\/uploads\/2025\/05\/Logo-Pirates-de-Lasphalte.png 1024w, https:\/\/asphalte.block100studio.com\/wp-content\/uploads\/2025\/05\/Logo-Pirates-de-Lasphalte-300x300.png 300w, https:\/\/asphalte.block100studio.com\/wp-content\/uploads\/2025\/05\/Logo-Pirates-de-Lasphalte-150x150.png 150w, https:\/\/asphalte.block100studio.com\/wp-content\/uploads\/2025\/05\/Logo-Pirates-de-Lasphalte-768x768.png 768w\" sizes=\"(max-width: 1024px) 100vw, 1024px\" \/>\t\t\t\t\t\t\t\t\t\t\t\t\t\t\t<\/div>\n\t\t\t\t<\/div>\n\t\t\t\t<\/div>\n\t\t<div class=\"elementor-element elementor-element-aa6a1ad e-con-full e-flex e-con e-child\" data-id=\"aa6a1ad\" data-element_type=\"container\">\n\t\t\t\t<div class=\"elementor-element elementor-element-49ae90c elementor-widget elementor-widget-text-editor\" data-id=\"49ae90c\" data-element_type=\"widget\" data-widget_type=\"text-editor.default\">\n\t\t\t\t<div class=\"elementor-widget-container\">\n\t\t\t\t\t\t\t\t\t<p>Chez <strong>Pirates de l\u2019Asphalte<\/strong>, nous mettons notre expertise au service de vos surfaces depuis 2004. Bas\u00e9s \u00e0 Montr\u00e9al, nous offrons trois services sp\u00e9cialis\u00e9s, con\u00e7us pour prolonger la dur\u00e9e de vie de votre asphalte tout en r\u00e9duisant vos co\u00fbts d\u2019entretien \u00e0 long terme.<\/p>\t\t\t\t\t\t\t\t<\/div>\n\t\t\t\t<\/div>\n\t\t\t\t<\/div>\n\t\t\t\t\t<\/div>\n\t\t\t\t<\/div>\n\t\t<div class=\"elementor-element elementor-element-d5d47c4 e-flex e-con-boxed e-con e-parent\" data-id=\"d5d47c4\" data-element_type=\"container\">\n\t\t\t\t\t<div class=\"e-con-inner\">\n\t\t\t\t<div class=\"elementor-element elementor-element-201f9c9 elementor-widget elementor-widget-text-editor\" data-id=\"201f9c9\" data-element_type=\"widget\" data-widget_type=\"text-editor.default\">\n\t\t\t\t<div class=\"elementor-widget-container\">\n\t\t\t\t\t\t\t\t\t<h4>\ud83d\udd04 R\u00e9capage d\u2019asphalte<\/h4><p>Le recapage est une solution \u00e9conomique et efficace pour restaurer une surface asphalt\u00e9e sans devoir passer par une excavation compl\u00e8te. En ajoutant une nouvelle couche d\u2019asphalte directement sur l\u2019ancienne, on \u00e9vite les co\u00fbts li\u00e9s \u00e0 la d\u00e9molition, au transport et \u00e0 la disposition des d\u00e9bris. C\u2019est l\u2019option id\u00e9ale pour les stationnements et les all\u00e9es us\u00e9es, mais encore structurellement solides. R\u00e9sultat : une finition lisse, r\u00e9sistante et comme neuve \u2014 pour une fraction du prix d\u2019un remplacement complet.<\/p><hr \/><h4>\ud83d\udee0 R\u00e9parations<\/h4><p>Fissures, nids-de-poule, affaissements, bosses \u2014 nos \u00e9quipes interviennent rapidement pour remettre votre surface en \u00e9tat. Une r\u00e9paration pr\u00e9coce \u00e9vite l\u2019aggravation des dommages et prolonge la dur\u00e9e de vie de votre pavage. Que ce soit pour un entretien pr\u00e9ventif ou une intervention urgente, nous offrons des solutions durables, adapt\u00e9es \u00e0 nos hivers qu\u00e9b\u00e9cois.<\/p><hr \/><h4>\ud83d\udee1 Scellant protecteur \u00e0 base de bitume<\/h4><p>Notre scellant est fabriqu\u00e9 \u00e0 partir de <strong>v\u00e9ritable bitume fluidifi\u00e9<\/strong>, et non de produits \u00e0 base d\u2019acrylique ou d\u2019eau comme ceux souvent utilis\u00e9s par la concurrence. Cette composition haut de gamme offre une protection sup\u00e9rieure contre l\u2019eau, l\u2019huile, les rayons UV et les variations de temp\u00e9rature. En appliquant un scellant r\u00e9guli\u00e8rement, vous emp\u00eachez l\u2019infiltration d\u2019humidit\u00e9 et les microfissures, ce qui r\u00e9duit consid\u00e9rablement les risques d\u2019usure pr\u00e9matur\u00e9e. C\u2019est l\u2019armure de votre asphalte.<\/p>\t\t\t\t\t\t\t\t<\/div>\n\t\t\t\t<\/div>\n\t\t\t\t\t<\/div>\n\t\t\t\t<\/div>\n\t\t<div class=\"elementor-element elementor-element-140c171 e-flex e-con-boxed e-con e-parent\" data-id=\"140c171\" data-element_type=\"container\" data-settings=\"{&quot;background_background&quot;:&quot;classic&quot;}\">\n\t\t\t\t\t<div class=\"e-con-inner\">\n\t\t\t\t<div class=\"elementor-element elementor-element-26df79f elementor-widget elementor-widget-heading\" data-id=\"26df79f\" data-element_type=\"widget\" data-widget_type=\"heading.default\">\n\t\t\t\t<div class=\"elementor-widget-container\">\n\t\t\t\t\t<h2 class=\"elementor-heading-title elementor-size-default\">Obtenez une soumission gratuite!<\/h2>\t\t\t\t<\/div>\n\t\t\t\t<\/div>\n\t\t\t\t<div class=\"elementor-element elementor-element-cfdc87b elementor-widget elementor-widget-text-editor\" data-id=\"cfdc87b\" data-element_type=\"widget\" data-widget_type=\"text-editor.default\">\n\t\t\t\t<div class=\"elementor-widget-container\">\n\t\t\t\t\t\t\t\t\t<p>Francois &#8211; (514) 889-5171<\/p>\t\t\t\t\t\t\t\t<\/div>\n\t\t\t\t<\/div>\n\t\t\t\t\t<\/div>\n\t\t\t\t<\/div>\n\t\t<div class=\"elementor-element elementor-element-0f575d7 e-flex e-con-boxed e-con e-parent\" data-id=\"0f575d7\" data-element_type=\"container\">\n\t\t\t\t\t<div class=\"e-con-inner\">\n\t\t\t\t<div class=\"elementor-element elementor-element-b42ee0b elementor-widget elementor-widget-heading\" data-id=\"b42ee0b\" data-element_type=\"widget\" data-widget_type=\"heading.default\">\n\t\t\t\t<div class=\"elementor-widget-container\">\n\t\t\t\t\t<h2 class=\"elementor-heading-title elementor-size-default\">Pourquoi choisir Pirates de l\u2019Asphalte ?<\/h2>\t\t\t\t<\/div>\n\t\t\t\t<\/div>\n\t\t\t\t<div class=\"elementor-element elementor-element-88bcfa7 elementor-widget elementor-widget-text-editor\" data-id=\"88bcfa7\" data-element_type=\"widget\" data-widget_type=\"text-editor.default\">\n\t\t\t\t<div class=\"elementor-widget-container\">\n\t\t\t\t\t\t\t\t\t<p>\u2714 Plus de 20 ans d\u2019exp\u00e9rience<br \/>\u2714 \u00c9quipe fiable et professionnelle<br \/>\u2714 Mat\u00e9riaux de qualit\u00e9 sup\u00e9rieure<br \/>\u2714 Service rapide, propre et garanti<\/p>\t\t\t\t\t\t\t\t<\/div>\n\t\t\t\t<\/div>\n\t\t\t\t\t<\/div>\n\t\t\t\t<\/div>\n\t\t\t\t<\/div>\n\t\t","protected":false},"excerpt":{"rendered":"<p>Chez Pirates de l\u2019Asphalte, nous mettons notre expertise au service de vos surfaces depuis 2004. Bas\u00e9s \u00e0 Montr\u00e9al, nous offrons trois services sp\u00e9cialis\u00e9s, con\u00e7us pour prolonger la dur\u00e9e de vie de votre asphalte tout en r\u00e9duisant vos co\u00fbts d\u2019entretien \u00e0 long terme. \ud83d\udd04 R\u00e9capage d\u2019asphalte Le recapage est une solution \u00e9conomique et efficace pour restaurer [&hellip;]<\/p>\n","protected":false},"author":1,"featured_media":0,"parent":0,"menu_order":0,"comment_status":"closed","ping_status":"closed","template":"","meta":{"footnotes":""},"class_list":["post-40","page","type-page","status-publish","hentry"],"yoast_head":"<!-- This site is optimized with the Yoast SEO plugin v25.0 - https:\/\/yoast.com\/wordpress\/plugins\/seo\/ -->\n<title>Nos Services - Pirates de l\u2019Asphalte<\/title>\n<meta name=\"robots\" content=\"index, follow, max-snippet:-1, max-image-preview:large, max-video-preview:-1\" \/>\n<link rel=\"canonical\" href=\"https:\/\/asphalte.block100studio.com\/index.php\/services\/\" \/>\n<meta property=\"og:locale\" content=\"en_US\" \/>\n<meta property=\"og:type\" content=\"article\" \/>\n<meta property=\"og:title\" content=\"Nos Services - Pirates de l\u2019Asphalte\" \/>\n<meta property=\"og:description\" content=\"Chez Pirates de l\u2019Asphalte, nous mettons notre expertise au service de vos surfaces depuis 2004. Bas\u00e9s \u00e0 Montr\u00e9al, nous offrons trois services sp\u00e9cialis\u00e9s, con\u00e7us pour prolonger la dur\u00e9e de vie de votre asphalte tout en r\u00e9duisant vos co\u00fbts d\u2019entretien \u00e0 long terme. \ud83d\udd04 R\u00e9capage d\u2019asphalte Le recapage est une solution \u00e9conomique et efficace pour restaurer [&hellip;]\" \/>\n<meta property=\"og:url\" content=\"https:\/\/asphalte.block100studio.com\/index.php\/services\/\" \/>\n<meta property=\"og:site_name\" content=\"Pirates de l\u2019Asphalte\" \/>\n<meta property=\"article:modified_time\" content=\"2025-05-07T20:01:04+00:00\" \/>\n<meta property=\"og:image\" content=\"https:\/\/asphalte.block100studio.com\/wp-content\/uploads\/2025\/05\/Logo-Pirates-de-Lasphalte.png\" \/>\n\t<meta property=\"og:image:width\" content=\"1024\" \/>\n\t<meta property=\"og:image:height\" content=\"1024\" \/>\n\t<meta property=\"og:image:type\" content=\"image\/png\" \/>\n<meta name=\"twitter:card\" content=\"summary_large_image\" \/>\n<meta name=\"twitter:label1\" content=\"Est. reading time\" \/>\n\t<meta name=\"twitter:data1\" content=\"2 minutes\" \/>\n<script type=\"application\/ld+json\" class=\"yoast-schema-graph\">{\"@context\":\"https:\/\/schema.org\",\"@graph\":[{\"@type\":\"WebPage\",\"@id\":\"https:\/\/asphalte.block100studio.com\/index.php\/services\/\",\"url\":\"https:\/\/asphalte.block100studio.com\/index.php\/services\/\",\"name\":\"Nos Services - Pirates de l\u2019Asphalte\",\"isPartOf\":{\"@id\":\"https:\/\/asphalte.block100studio.com\/#website\"},\"primaryImageOfPage\":{\"@id\":\"https:\/\/asphalte.block100studio.com\/index.php\/services\/#primaryimage\"},\"image\":{\"@id\":\"https:\/\/asphalte.block100studio.com\/index.php\/services\/#primaryimage\"},\"thumbnailUrl\":\"https:\/\/asphalte.block100studio.com\/wp-content\/uploads\/2025\/05\/Logo-Pirates-de-Lasphalte.png\",\"datePublished\":\"2025-05-07T19:52:12+00:00\",\"dateModified\":\"2025-05-07T20:01:04+00:00\",\"breadcrumb\":{\"@id\":\"https:\/\/asphalte.block100studio.com\/index.php\/services\/#breadcrumb\"},\"inLanguage\":\"en-US\",\"potentialAction\":[{\"@type\":\"ReadAction\",\"target\":[\"https:\/\/asphalte.block100studio.com\/index.php\/services\/\"]}]},{\"@type\":\"ImageObject\",\"inLanguage\":\"en-US\",\"@id\":\"https:\/\/asphalte.block100studio.com\/index.php\/services\/#primaryimage\",\"url\":\"https:\/\/asphalte.block100studio.com\/wp-content\/uploads\/2025\/05\/Logo-Pirates-de-Lasphalte.png\",\"contentUrl\":\"https:\/\/asphalte.block100studio.com\/wp-content\/uploads\/2025\/05\/Logo-Pirates-de-Lasphalte.png\",\"width\":1024,\"height\":1024},{\"@type\":\"BreadcrumbList\",\"@id\":\"https:\/\/asphalte.block100studio.com\/index.php\/services\/#breadcrumb\",\"itemListElement\":[{\"@type\":\"ListItem\",\"position\":1,\"name\":\"Home\",\"item\":\"https:\/\/asphalte.block100studio.com\/\"},{\"@type\":\"ListItem\",\"position\":2,\"name\":\"Nos Services\"}]},{\"@type\":\"WebSite\",\"@id\":\"https:\/\/asphalte.block100studio.com\/#website\",\"url\":\"https:\/\/asphalte.block100studio.com\/\",\"name\":\"Pirates de l\u2019Asphalte\",\"description\":\"Ma\u00eetres de la route depuis 2004\",\"potentialAction\":[{\"@type\":\"SearchAction\",\"target\":{\"@type\":\"EntryPoint\",\"urlTemplate\":\"https:\/\/asphalte.block100studio.com\/?s={search_term_string}\"},\"query-input\":{\"@type\":\"PropertyValueSpecification\",\"valueRequired\":true,\"valueName\":\"search_term_string\"}}],\"inLanguage\":\"en-US\"}]}<\/script>\n<!-- \/ Yoast SEO plugin. -->","yoast_head_json":{"title":"Nos Services - Pirates de l\u2019Asphalte","robots":{"index":"index","follow":"follow","max-snippet":"max-snippet:-1","max-image-preview":"max-image-preview:large","max-video-preview":"max-video-preview:-1"},"canonical":"https:\/\/asphalte.block100studio.com\/index.php\/services\/","og_locale":"en_US","og_type":"article","og_title":"Nos Services - Pirates de l\u2019Asphalte","og_description":"Chez Pirates de l\u2019Asphalte, nous mettons notre expertise au service de vos surfaces depuis 2004. Bas\u00e9s \u00e0 Montr\u00e9al, nous offrons trois services sp\u00e9cialis\u00e9s, con\u00e7us pour prolonger la dur\u00e9e de vie de votre asphalte tout en r\u00e9duisant vos co\u00fbts d\u2019entretien \u00e0 long terme. \ud83d\udd04 R\u00e9capage d\u2019asphalte Le recapage est une solution \u00e9conomique et efficace pour restaurer [&hellip;]","og_url":"https:\/\/asphalte.block100studio.com\/index.php\/services\/","og_site_name":"Pirates de l\u2019Asphalte","article_modified_time":"2025-05-07T20:01:04+00:00","og_image":[{"width":1024,"height":1024,"url":"https:\/\/asphalte.block100studio.com\/wp-content\/uploads\/2025\/05\/Logo-Pirates-de-Lasphalte.png","type":"image\/png"}],"twitter_card":"summary_large_image","twitter_misc":{"Est. reading time":"2 minutes"},"schema":{"@context":"https:\/\/schema.org","@graph":[{"@type":"WebPage","@id":"https:\/\/asphalte.block100studio.com\/index.php\/services\/","url":"https:\/\/asphalte.block100studio.com\/index.php\/services\/","name":"Nos Services - Pirates de l\u2019Asphalte","isPartOf":{"@id":"https:\/\/asphalte.block100studio.com\/#website"},"primaryImageOfPage":{"@id":"https:\/\/asphalte.block100studio.com\/index.php\/services\/#primaryimage"},"image":{"@id":"https:\/\/asphalte.block100studio.com\/index.php\/services\/#primaryimage"},"thumbnailUrl":"https:\/\/asphalte.block100studio.com\/wp-content\/uploads\/2025\/05\/Logo-Pirates-de-Lasphalte.png","datePublished":"2025-05-07T19:52:12+00:00","dateModified":"2025-05-07T20:01:04+00:00","breadcrumb":{"@id":"https:\/\/asphalte.block100studio.com\/index.php\/services\/#breadcrumb"},"inLanguage":"en-US","potentialAction":[{"@type":"ReadAction","target":["https:\/\/asphalte.block100studio.com\/index.php\/services\/"]}]},{"@type":"ImageObject","inLanguage":"en-US","@id":"https:\/\/asphalte.block100studio.com\/index.php\/services\/#primaryimage","url":"https:\/\/asphalte.block100studio.com\/wp-content\/uploads\/2025\/05\/Logo-Pirates-de-Lasphalte.png","contentUrl":"https:\/\/asphalte.block100studio.com\/wp-content\/uploads\/2025\/05\/Logo-Pirates-de-Lasphalte.png","width":1024,"height":1024},{"@type":"BreadcrumbList","@id":"https:\/\/asphalte.block100studio.com\/index.php\/services\/#breadcrumb","itemListElement":[{"@type":"ListItem","position":1,"name":"Home","item":"https:\/\/asphalte.block100studio.com\/"},{"@type":"ListItem","position":2,"name":"Nos Services"}]},{"@type":"WebSite","@id":"https:\/\/asphalte.block100studio.com\/#website","url":"https:\/\/asphalte.block100studio.com\/","name":"Pirates de l\u2019Asphalte","description":"Ma\u00eetres de la route depuis 2004","potentialAction":[{"@type":"SearchAction","target":{"@type":"EntryPoint","urlTemplate":"https:\/\/asphalte.block100studio.com\/?s={search_term_string}"},"query-input":{"@type":"PropertyValueSpecification","valueRequired":true,"valueName":"search_term_string"}}],"inLanguage":"en-US"}]}},"_links":{"self":[{"href":"https:\/\/asphalte.block100studio.com\/index.php\/wp-json\/wp\/v2\/pages\/40","targetHints":{"allow":["GET"]}}],"collection":[{"href":"https:\/\/asphalte.block100studio.com\/index.php\/wp-json\/wp\/v2\/pages"}],"about":[{"href":"https:\/\/asphalte.block100studio.com\/index.php\/wp-json\/wp\/v2\/types\/page"}],"author":[{"embeddable":true,"href":"https:\/\/asphalte.block100studio.com\/index.php\/wp-json\/wp\/v2\/users\/1"}],"replies":[{"embeddable":true,"href":"https:\/\/asphalte.block100studio.com\/index.php\/wp-json\/wp\/v2\/comments?post=40"}],"version-history":[{"count":4,"href":"https:\/\/asphalte.block100studio.com\/index.php\/wp-json\/wp\/v2\/pages\/40\/revisions"}],"predecessor-version":[{"id":45,"href":"https:\/\/asphalte.block100studio.com\/index.php\/wp-json\/wp\/v2\/pages\/40\/revisions\/45"}],"wp:attachment":[{"href":"https:\/\/asphalte.block100studio.com\/index.php\/wp-json\/wp\/v2\/media?parent=40"}],"curies":[{"name":"wp","href":"https:\/\/api.w.org\/{rel}","templated":true}]}}